{"id":9,"date":"2013-09-04T20:23:00","date_gmt":"2013-09-04T20:23:00","guid":{"rendered":"https:\/\/wacker.nunki.uberspace.de\/wordpress\/?page_id=9"},"modified":"2026-03-20T20:29:04","modified_gmt":"2026-03-20T19:29:04","slug":"willkommen","status":"publish","type":"page","link":"https:\/\/wacker-auerswalde.de\/","title":{"rendered":"Home"},"content":{"rendered":"\t\t<div data-elementor-type=\"wp-page\" data-elementor-id=\"9\" class=\"elementor elementor-9\">\n\t\t\t\t\t\t<section class=\"elementor-section elementor-top-section elementor-element elementor-element-100e74b elementor-section-boxed elementor-section-height-default elementor-section-height-default\" data-id=\"100e74b\" data-element_type=\"section\" data-e-type=\"section\">\n\t\t\t\t\t\t<div class=\"elementor-container elementor-column-gap-default\">\n\t\t\t\t\t<div class=\"elementor-column elementor-col-100 elementor-top-column elementor-element elementor-element-51bfb9d\" data-id=\"51bfb9d\" data-element_type=\"column\" data-e-type=\"column\">\n\t\t\t<div class=\"elementor-widget-wrap elementor-element-populated\">\n\t\t\t\t\t\t<div class=\"elementor-element elementor-element-21f53f8 elementor-widget elementor-widget-heading\" data-id=\"21f53f8\" data-element_type=\"widget\" data-e-type=\"widget\" data-widget_type=\"heading.default\">\n\t\t\t\t<div class=\"elementor-widget-container\">\n\t\t\t\t\t<h2 class=\"elementor-heading-title elementor-size-default\">Herzlich willkommen beim<br>SV Wacker 22 Auerswalde e.V.<br><br>Sport verbindet<\/h2>\t\t\t\t<\/div>\n\t\t\t\t<\/div>\n\t\t\t\t\t<\/div>\n\t\t<\/div>\n\t\t\t\t\t<\/div>\n\t\t<\/section>\n\t\t\t\t<section class=\"elementor-section elementor-top-section elementor-element elementor-element-16df9b4 elementor-section-boxed elementor-section-height-default elementor-section-height-default\" data-id=\"16df9b4\" data-element_type=\"section\" data-e-type=\"section\">\n\t\t\t\t\t\t<div class=\"elementor-container elementor-column-gap-default\">\n\t\t\t\t\t<div class=\"elementor-column elementor-col-100 elementor-top-column elementor-element elementor-element-a0b106e\" data-id=\"a0b106e\" data-element_type=\"column\" data-e-type=\"column\">\n\t\t\t<div class=\"elementor-widget-wrap elementor-element-populated\">\n\t\t\t\t\t\t<div class=\"elementor-element elementor-element-cb696bc elementor-widget elementor-widget-image\" data-id=\"cb696bc\" data-element_type=\"widget\" data-e-type=\"widget\" data-widget_type=\"image.default\">\n\t\t\t\t<div class=\"elementor-widget-container\">\n\t\t\t\t\t\t\t\t\t\t\t\t\t\t\t<img fetchpriority=\"high\" decoding=\"async\" width=\"860\" height=\"275\" src=\"https:\/\/wacker-auerswalde.de\/wp-content\/uploads\/Startseite-1024x328.jpg\" class=\"attachment-large size-large wp-image-722716\" alt=\"\" srcset=\"https:\/\/wacker-auerswalde.de\/wp-content\/uploads\/Startseite-1024x328.jpg 1024w, https:\/\/wacker-auerswalde.de\/wp-content\/uploads\/Startseite-300x96.jpg 300w, https:\/\/wacker-auerswalde.de\/wp-content\/uploads\/Startseite-768x246.jpg 768w, https:\/\/wacker-auerswalde.de\/wp-content\/uploads\/Startseite-1536x492.jpg 1536w, https:\/\/wacker-auerswalde.de\/wp-content\/uploads\/Startseite-2048x656.jpg 2048w\" sizes=\"(max-width: 860px) 100vw, 860px\" \/>\t\t\t\t\t\t\t\t\t\t\t\t\t\t\t<\/div>\n\t\t\t\t<\/div>\n\t\t\t\t\t<\/div>\n\t\t<\/div>\n\t\t\t\t\t<\/div>\n\t\t<\/section>\n\t\t\t\t<section class=\"elementor-section elementor-top-section elementor-element elementor-element-38886d1 elementor-section-boxed elementor-section-height-default elementor-section-height-default\" data-id=\"38886d1\" data-element_type=\"section\" data-e-type=\"section\">\n\t\t\t\t\t\t<div class=\"elementor-container elementor-column-gap-default\">\n\t\t\t\t\t<div class=\"elementor-column elementor-col-100 elementor-top-column elementor-element elementor-element-8e57185\" data-id=\"8e57185\" data-element_type=\"column\" data-e-type=\"column\">\n\t\t\t<div class=\"elementor-widget-wrap elementor-element-populated\">\n\t\t\t\t\t\t<div class=\"elementor-element elementor-element-e247095 elementor-widget elementor-widget-text-editor\" data-id=\"e247095\" data-element_type=\"widget\" data-e-type=\"widget\" data-widget_type=\"text-editor.default\">\n\t\t\t\t<div class=\"elementor-widget-container\">\n\t\t\t\t\t\t\t\t\t<p data-start=\"193\" data-end=\"400\">Mit knapp <strong data-start=\"198\" data-end=\"216\">600 Mitgliedern<\/strong> in sieben Abteilungen und unz\u00e4hligen gemeinsamen Erlebnissen sind wir einer der gr\u00f6\u00dften und vielseitigsten Sportvereine unserer Gemeinde. Bei uns steht neben der Bewegung auch der <strong data-start=\"343\" data-end=\"359\">Zusammenhalt<\/strong>, die <strong data-start=\"365\" data-end=\"375\">Freude<\/strong> und das <strong data-start=\"384\" data-end=\"399\">Miteinander<\/strong> im Vordergrund.<\/p>\n<p data-start=\"402\" data-end=\"729\">Ob auf dem Fu\u00dfballplatz, in der Turnhalle oder am Dartboard \u2013 bei uns findest du nicht nur dein sportliches Zuhause, sondern auch Menschen, die deine Leidenschaft teilen. In den Abteilungen <strong data-start=\"592\" data-end=\"603\">Fu\u00dfball<\/strong>, <strong data-start=\"605\" data-end=\"616\">Aerobic<\/strong>, <strong data-start=\"618\" data-end=\"626\">Dart<\/strong>, <strong data-start=\"628\" data-end=\"643\">Tischtennis<\/strong>, <strong data-start=\"645\" data-end=\"659\">Volleyball<\/strong> und <strong data-start=\"664\" data-end=\"679\">Ger\u00e4tturnen<\/strong> ist f\u00fcr jedes Alter und jedes Niveau etwas dabei.<\/p>\n<p data-start=\"731\" data-end=\"843\"><strong data-start=\"731\" data-end=\"795\">Komm vorbei, mach mit und werde Teil unserer Vereinsfamilie.<\/strong><br data-start=\"795\" data-end=\"798\" \/>Denn gemeinsam macht Sport einfach mehr Spa\u00df!<\/p>\t\t\t\t\t\t\t\t<\/div>\n\t\t\t\t<\/div>\n\t\t\t\t\t<\/div>\n\t\t<\/div>\n\t\t\t\t\t<\/div>\n\t\t<\/section>\n\t\t\t\t<section class=\"elementor-section elementor-top-section elementor-element elementor-element-0c94641 elementor-section-boxed elementor-section-height-default elementor-section-height-default\" data-id=\"0c94641\" data-element_type=\"section\" data-e-type=\"section\">\n\t\t\t\t\t\t<div class=\"elementor-container elementor-column-gap-default\">\n\t\t\t\t\t<div class=\"elementor-column elementor-col-100 elementor-top-column elementor-element elementor-element-66b325f\" data-id=\"66b325f\" data-element_type=\"column\" data-e-type=\"column\">\n\t\t\t<div class=\"elementor-widget-wrap elementor-element-populated\">\n\t\t\t\t\t\t<div class=\"elementor-element elementor-element-baeb31d elementor-widget elementor-widget-html\" data-id=\"baeb31d\" data-element_type=\"widget\" data-e-type=\"widget\" data-widget_type=\"html.default\">\n\t\t\t\t<div class=\"elementor-widget-container\">\n\t\t\t\t\t<div \n  class=\"fussballde_widget\"\n  data-id=\"8c18dd95-7686-408f-90fb-9f51ec317f0a\"\n  data-type=\"club-matches\"\n  style=\"width: 100%\"\n><\/div>\t\t\t\t<\/div>\n\t\t\t\t<\/div>\n\t\t\t\t\t<\/div>\n\t\t<\/div>\n\t\t\t\t\t<\/div>\n\t\t<\/section>\n\t\t\t\t<\/div>\n\t\t","protected":false},"excerpt":{"rendered":"<p>Herzlich willkommen beimSV Wacker 22 Auerswalde e.V. Sport verbindet Mit knapp 600 Mitgliedern in sieben Abteilungen und unz\u00e4hligen gemeinsamen Erlebnissen sind wir einer der gr\u00f6\u00dften und vielseitigsten Sportvereine unserer Gemeinde. Bei uns steht neben der Bewegung auch der Zusammenhalt, die Freude und das Miteinander im Vordergrund. Ob auf dem Fu\u00dfballplatz, in der Turnhalle oder am Dartboard \u2013 bei uns findest [&hellip;]<\/p>\n","protected":false},"author":24,"featured_media":0,"parent":0,"menu_order":0,"comment_status":"closed","ping_status":"closed","template":"elementor_theme","meta":{"ngg_post_thumbnail":0,"footnotes":""},"class_list":["post-9","page","type-page","status-publish","hentry"],"_links":{"self":[{"href":"https:\/\/wacker-auerswalde.de\/wp-json\/wp\/v2\/pages\/9","targetHints":{"allow":["GET"]}}],"collection":[{"href":"https:\/\/wacker-auerswalde.de\/wp-json\/wp\/v2\/pages"}],"about":[{"href":"https:\/\/wacker-auerswalde.de\/wp-json\/wp\/v2\/types\/page"}],"author":[{"embeddable":true,"href":"https:\/\/wacker-auerswalde.de\/wp-json\/wp\/v2\/users\/24"}],"replies":[{"embeddable":true,"href":"https:\/\/wacker-auerswalde.de\/wp-json\/wp\/v2\/comments?post=9"}],"version-history":[{"count":293,"href":"https:\/\/wacker-auerswalde.de\/wp-json\/wp\/v2\/pages\/9\/revisions"}],"predecessor-version":[{"id":723212,"href":"https:\/\/wacker-auerswalde.de\/wp-json\/wp\/v2\/pages\/9\/revisions\/723212"}],"wp:attachment":[{"href":"https:\/\/wacker-auerswalde.de\/wp-json\/wp\/v2\/media?parent=9"}],"curies":[{"name":"wp","href":"https:\/\/api.w.org\/{rel}","templated":true}]}}